{"id":5434,"date":"2019-12-05T12:33:47","date_gmt":"2019-12-05T11:33:47","guid":{"rendered":"https:\/\/palazzoducale.genova.it\/art-bonus\/"},"modified":"2025-05-09T08:21:42","modified_gmt":"2025-05-09T06:21:42","slug":"art-bonus","status":"publish","type":"page","link":"https:\/\/ww2.palazzoducale.genova.it\/en\/sostienici\/art-bonus\/","title":{"rendered":"Art Bonus"},"content":{"rendered":"\n<div class=\"wp-block-group\"><div class=\"wp-block-group__inner-container is-layout-flow wp-block-group-is-layout-flow\">\n<h2 class=\"wp-block-heading mb-3\">Una scelta possibile, civile e di cui essere orgogliosi.<\/h2>\n\n\n\n<p>Sostenere un fondazione significa avere a cuore un patrimonio di meraviglia italiana che ci propone fuori dai confini territoriali, regionali, nazionali e ci proietta nel mondo con un\u2019immagine di bellezza, di cultura e di arte.<br>Sostenere la Fondazione Palazzo Ducale \u2013 \u00e8 ora pi\u00f9 semplice e, questione da non sottovalutare, pi\u00f9 \u201cdetraibile\u201d.<br>&nbsp;<br>Il conto Banca Passadore &amp; C. S.p.A. Sede di Genova Via Ettore Vernazza, 27 \u2013 16121 Genova, su cui effettuare il versamento ha il seguente codice IBAN IT 05 O 03332 01400 000 000 948844<br>Intestato a Palazzo Ducale Fondazione per la Cultura \u2013 Piazza Matteotti 9 \u2013 16123 Genova<br>&nbsp;<br>Per ogni eventuale necessit\u00e0 di contatto l\u2019Ufficio Relazioni con le Aziende \u00e8 a disposizione e contattabile ai seguenti riferimenti:<br>Tel. 010 8171621<\/p>\n\n\n\n<h2 class=\"wp-block-heading\"><a href=\"https:\/\/palazzoducale.genova.it\/art-bonus-mecenati\/\">Vai ai Mecenati<\/a><\/h2>\n\n\n\n<div style=\"height:20px\" aria-hidden=\"true\" class=\"wp-block-spacer\"><\/div>\n<\/div><\/div>\n\n\n\n<div class=\"wp-block-group alignwide\"><div class=\"wp-block-group__inner-container is-layout-flow wp-block-group-is-layout-flow\">\n<figure class=\"wp-block-embed is-type-video is-provider-youtube wp-block-embed-youtube wp-embed-aspect-16-9 wp-has-aspect-ratio\"><div class=\"wp-block-embed__wrapper\">\n<iframe loading=\"lazy\" title=\"Spot Art Bonus\" width=\"500\" height=\"281\" src=\"https:\/\/www.youtube.com\/embed\/GGI-rkh2gkk?feature=oembed\" frameborder=\"0\" allow=\"accelerometer; autoplay; clipboard-write; encrypted-media; gyroscope; picture-in-picture; web-share\" referrerpolicy=\"strict-origin-when-cross-origin\" allowfullscreen><\/iframe>\n<\/div><\/figure>\n<\/div><\/div>\n\n\n\n<div class=\"wp-block-group\"><div class=\"wp-block-group__inner-container is-layout-flow wp-block-group-is-layout-flow\">\n<div style=\"height:20px\" aria-hidden=\"true\" class=\"wp-block-spacer\"><\/div>\n\n\n\n<h3 class=\"wp-block-heading mb-3\">Cos\u2019\u00e8 Art Bonus <\/h3>\n\n\n\n<h4 class=\"wp-block-heading\"><strong>Misure urgenti per favorire il mecenatismo culturale<\/strong><\/h4>\n\n\n\n<p>Ai sensi dell\u2019art.1 del D.L. 31.5.2014, n. 83, \u201cDisposizioni urgenti per la tutela del patrimonio culturale, lo sviluppo della cultura e il rilancio del turismo\u201d, convertito con modificazioni in Legge n. 106 del 29\/07\/2014 e s.m.i., \u00e8 stato introdotto un credito d\u2019imposta per le erogazioni liberali in denaro a sostegno della cultura e dello spettacolo, il c.d. Art bonus, quale sostegno del mecenatismo a favore del patrimonio culturale.Chi effettua erogazioni liberali in denaro per il sostegno della cultura, come previsto dalla legge, potr\u00e0 godere di importanti benefici fiscali sotto forma di credito di imposta.<\/p>\n\n\n\n<h4 class=\"wp-block-heading\"><strong>Erogazioni liberali che danno diritto al credito<\/strong> <\/h4>\n\n\n\n<p>Le erogazioni liberali effettuate in denaro che danno diritto al credito di imposta, devono riguardare gli anni di imposta a partire dal 2014 e devono essere riferiti ai seguenti interventi:<br>&#8211; manutenzione, protezione e restauro di beni culturali pubblici;<br>&#8211; sostegno degli istituti e dei luoghi della cultura di appartenenza pubblica (es. musei, biblioteche, archivi, aree e parchi archeologici, complessi monumentali, come definiti dall\u2019articolo 101 del Codice dei beni culturali e del paesaggio di cui al Decreto Legislativo 22\/01\/2004 n. 42 ,) delle fondazioni lirico-sinfoniche, dei teatri di tradizione, delle istituzioni concertistico-orchestrali, dei teatri nazionali, dei teatri di rilevante interesse culturale, dei festival, delle imprese e dei centri di produzione teatrale e di danza, nonch\u00e9 dei circuiti di distribuzione;<br>-realizzazione di nuove strutture, restauro e potenziamento di quelle esistenti, di enti o istituzioni pubbliche che, senza scopo di lucro, svolgono esclusivamente attivit\u00e0 nello spettacolo;<br>In sede di conversione del D.L. 83\/2014, la misura agevolativa \u00e8 stata estesa anche alle erogazioni liberali in denaro effettuate per interventi di manutenzione, protezione e restauro di beni culturali pubblici, laddove destinate ai soggetti concessionari o affidatari dei beni oggetto di tali interventi.Le agevolazioni fiscali per erogazioni liberali destinate al sostegno dei teatri di tradizioni sono entrate in vigore con la legge 23 dicembre n.190 del 2014, e in questo caso le agevolazioni fiscali previste dall\u2019Art bonus, si applicano per le erogazioni effettuate a partire dal 2015.La legge di stabilit\u00e0 2016 del 28 dicembre 2015, n. 208 ha stabilizzato e reso permanente l\u2019 \u201cArt bonus\u201d, agevolazione fiscale al 65% per le erogazioni liberali a sostegno della cultura.La legge 22 novembre 2017, n. 175 \u201cDisposizioni in materia di spettacolo e deleghe al Governo per il riordino della materia\u201d meglio conosciuta come Codice dello Spettacolo, in vigore dal 27 novembre 2017, all\u2019art. 5, comma 1, allarga ad altri soggetti finanziati dal Fondo Unico per lo Spettacolo (FUS) la possibilit\u00e0 di ricevere il sostegno di privati attraverso erogazioni liberali che danno diritto al Mecenate di usufruire del credito di imposta Art Bonus. Per facilitare l\u2019identificazione dei soggetti ammessi all\u2019Art Bonus, in fase di registrazione al portale saranno precaricate le anagrafiche fornite dalla Direzione Generale Spettacolo del MiBAC.<\/p>\n\n\n\n<h4 class=\"wp-block-heading\"><strong>Soggetti beneficiari<\/strong><\/h4>\n\n\n\n<p>Il credito d\u2019imposta \u00e8 riconosciuto a tutti i soggetti:<br>&#8211; che effettuano le erogazioni liberali a sostegno della cultura e dello spettacolo previste dalla norma in commento, indipendentemente dalla natura e dalla forma giuridica.<\/p>\n\n\n\n<h4 class=\"wp-block-heading\"><strong>Modalit\u00e0 di effettuazione<\/strong><\/h4>\n\n\n\n<p>Analogamente a quanto previsto per altre erogazioni liberali in denaro, l\u2019Agenzia delle Entrate ha stabilito che anche le erogazioni liberali in esame devono essere effettuate avvalendosi esclusivamente di uno dei seguenti sistemi di pagamento:-tramite banca (es. bonifico);<br>-oppure tramite ufficio postale (es. versamento su conto corrente intestato al beneficiario);<br>-oppure mediante gli altri sistemi di pagamento previsti dall\u2019art. 23 del DLgs. 241\/97, cio\u00e8 mediante carte di debito, di credito e prepagate, assegni bancari e circolari.<br>In pratica, non possono beneficiare del credito d\u2019imposta le erogazioni liberali effettuate in contanti, in quanto non offrono sufficienti garanzie di \u201ctracciabilit\u00e0\u201d.<\/p>\n\n\n\n<p><strong>Per maggiori informazioni visita il sito  <a href=\"https:\/\/artbonus.gov.it\/\" target=\"_blank\" rel=\"noreferrer noopener\" aria-label=\" (apre in una nuova scheda)\">https:\/\/artbonus.gov.it\/<\/a><\/strong><\/p>\n<\/div><\/div>\n\n\n\n<div class=\"wp-block-group\"><div class=\"wp-block-group__inner-container is-layout-flow wp-block-group-is-layout-flow\"><div class=\"wp-block-image\">\n<figure class=\"aligncenter size-full\"><img loading=\"lazy\" decoding=\"async\" width=\"783\" height=\"471\" src=\"https:\/\/palazzoducale.genova.it\/wp-content\/uploads\/ArtBonus_014.jpg\" alt=\"Art Bonus\" class=\"wp-image-838\" srcset=\"https:\/\/ww2.palazzoducale.genova.it\/wp-content\/uploads\/ArtBonus_014.jpg 783w, https:\/\/ww2.palazzoducale.genova.it\/wp-content\/uploads\/ArtBonus_014-768x462.jpg 768w\" sizes=\"(max-width: 783px) 100vw, 783px\" \/><\/figure><\/div>\n\n<div class=\"wp-block-image\">\n<figure class=\"aligncenter size-full\"><img loading=\"lazy\" decoding=\"async\" width=\"783\" height=\"524\" src=\"https:\/\/palazzoducale.genova.it\/wp-content\/uploads\/ArtBonus_024.jpg\" alt=\"Art Bonus\" class=\"wp-image-828\" srcset=\"https:\/\/ww2.palazzoducale.genova.it\/wp-content\/uploads\/ArtBonus_024.jpg 783w, https:\/\/ww2.palazzoducale.genova.it\/wp-content\/uploads\/ArtBonus_024-768x514.jpg 768w\" sizes=\"(max-width: 783px) 100vw, 783px\" \/><\/figure><\/div>\n\n<div class=\"wp-block-image\">\n<figure class=\"aligncenter size-full\"><img loading=\"lazy\" decoding=\"async\" width=\"783\" height=\"804\" src=\"https:\/\/palazzoducale.genova.it\/wp-content\/uploads\/ArtBonus_034.jpg\" alt=\"Art Bonus\" class=\"wp-image-830\" srcset=\"https:\/\/ww2.palazzoducale.genova.it\/wp-content\/uploads\/ArtBonus_034.jpg 783w, https:\/\/ww2.palazzoducale.genova.it\/wp-content\/uploads\/ArtBonus_034-768x789.jpg 768w\" sizes=\"(max-width: 783px) 100vw, 783px\" \/><\/figure><\/div>\n\n<div class=\"wp-block-image\">\n<figure class=\"aligncenter size-full\"><img loading=\"lazy\" decoding=\"async\" width=\"783\" height=\"804\" src=\"https:\/\/palazzoducale.genova.it\/wp-content\/uploads\/ArtBonus_043.jpg\" alt=\"Art Bonus\" class=\"wp-image-832\" srcset=\"https:\/\/ww2.palazzoducale.genova.it\/wp-content\/uploads\/ArtBonus_043.jpg 783w, https:\/\/ww2.palazzoducale.genova.it\/wp-content\/uploads\/ArtBonus_043-768x789.jpg 768w\" sizes=\"(max-width: 783px) 100vw, 783px\" \/><\/figure><\/div>\n\n<div class=\"wp-block-image\">\n<figure class=\"aligncenter size-full\"><img loading=\"lazy\" decoding=\"async\" width=\"783\" height=\"301\" src=\"https:\/\/palazzoducale.genova.it\/wp-content\/uploads\/ArtBonus_053.jpg\" alt=\"Art Bonus\" class=\"wp-image-834\" srcset=\"https:\/\/ww2.palazzoducale.genova.it\/wp-content\/uploads\/ArtBonus_053.jpg 783w, https:\/\/ww2.palazzoducale.genova.it\/wp-content\/uploads\/ArtBonus_053-768x295.jpg 768w\" sizes=\"(max-width: 783px) 100vw, 783px\" \/><\/figure><\/div>\n\n\n<p><\/p>\n<\/div><\/div>\n\n\n\n<p><\/p>\n\n\n\n<p><\/p>\n","protected":false},"excerpt":{"rendered":"<p>Una scelta possibile, civile e di cui essere orgogliosi. Sostenere un fondazione significa avere a cuore un patrimonio di meraviglia italiana che ci propone fuori dai confini territoriali, regionali, nazionali e ci proietta nel mondo con un\u2019immagine di bellezza, di cultura e di arte.Sostenere la Fondazione Palazzo Ducale \u2013 \u00e8 ora pi\u00f9 semplice e, questione &hellip; <a href=\"https:\/\/ww2.palazzoducale.genova.it\/en\/sostienici\/art-bonus\/\">Continue<\/a><\/p>\n","protected":false},"author":7,"featured_media":0,"parent":5436,"menu_order":0,"comment_status":"closed","ping_status":"closed","template":"","meta":{"_acf_changed":false,"footnotes":""},"class_list":["post-5434","page","type-page","status-publish","hentry"],"acf":[],"_links":{"self":[{"href":"https:\/\/ww2.palazzoducale.genova.it\/en\/wp-json\/wp\/v2\/pages\/5434"}],"collection":[{"href":"https:\/\/ww2.palazzoducale.genova.it\/en\/wp-json\/wp\/v2\/pages"}],"about":[{"href":"https:\/\/ww2.palazzoducale.genova.it\/en\/wp-json\/wp\/v2\/types\/page"}],"author":[{"embeddable":true,"href":"https:\/\/ww2.palazzoducale.genova.it\/en\/wp-json\/wp\/v2\/users\/7"}],"replies":[{"embeddable":true,"href":"https:\/\/ww2.palazzoducale.genova.it\/en\/wp-json\/wp\/v2\/comments?post=5434"}],"version-history":[{"count":3,"href":"https:\/\/ww2.palazzoducale.genova.it\/en\/wp-json\/wp\/v2\/pages\/5434\/revisions"}],"predecessor-version":[{"id":101526,"href":"https:\/\/ww2.palazzoducale.genova.it\/en\/wp-json\/wp\/v2\/pages\/5434\/revisions\/101526"}],"up":[{"embeddable":true,"href":"https:\/\/ww2.palazzoducale.genova.it\/en\/wp-json\/wp\/v2\/pages\/5436"}],"wp:attachment":[{"href":"https:\/\/ww2.palazzoducale.genova.it\/en\/wp-json\/wp\/v2\/media?parent=5434"}],"curies":[{"name":"wp","href":"https:\/\/api.w.org\/{rel}","templated":true}]}}